{"id":553,"date":"2021-11-02T08:55:26","date_gmt":"2021-11-02T08:55:26","guid":{"rendered":"https:\/\/demo.athemes.com\/sydney-main\/?page_id=553"},"modified":"2026-01-13T08:55:43","modified_gmt":"2026-01-13T07:55:43","slug":"contact","status":"publish","type":"page","link":"https:\/\/www.fcwingchun.sk\/?page_id=553","title":{"rendered":"Kontakt"},"content":{"rendered":"\t\t<div data-elementor-type=\"wp-page\" data-elementor-id=\"553\" class=\"elementor elementor-553\">\n\t\t\t\t<div class=\"elementor-element elementor-element-8f2103d e-flex e-con-boxed e-con e-parent\" data-id=\"8f2103d\" data-element_type=\"container\">\n\t\t\t\t\t<div class=\"e-con-inner\">\n\t\t\t\t<div class=\"elementor-element elementor-element-e594466 elementor-widget elementor-widget-text-editor\" data-id=\"e594466\" data-element_type=\"widget\" data-widget_type=\"text-editor.default\">\n\t\t\t\t<div class=\"elementor-widget-container\">\n\t\t\t\t\t\t\t\t\t<p>O.Z.<br><strong>FCWCH Alliance<\/strong><br>Ve\u013ek\u00e9 Orvi\u0161te 267<br>92201 Ve\u013ek\u00e9 Orvi\u0161te<\/p>\n<p>tel.: +421 905 103 202<br>email: sulek@centrum.sk<\/p>\n<p>I\u010cO: 42163358<br>IBAN: SK12 0200 0000 0029 4810 7151<\/p>\t\t\t\t\t\t\t\t<\/div>\n\t\t\t\t<\/div>\n\t\t\t\t\t<\/div>\n\t\t\t\t<\/div>\n\t\t\t\t<\/div>\n\t\t","protected":false},"excerpt":{"rendered":"<p>O.Z.FCWCH AllianceVe\u013ek\u00e9 Orvi\u0161te 26792201 Ve\u013ek\u00e9 Orvi\u0161te tel.: +421 905 103 202email: sulek@centrum.sk I\u010cO: 42163358IBAN: SK12 0200 0000 0029 4810 7151<\/p>\n","protected":false},"author":1,"featured_media":0,"parent":0,"menu_order":0,"comment_status":"closed","ping_status":"closed","template":"page-templates\/page_front-page.php","meta":{"footnotes":""},"class_list":["post-553","page","type-page","status-publish","hentry"],"_links":{"self":[{"href":"https:\/\/www.fcwingchun.sk\/index.php?rest_route=\/wp\/v2\/pages\/553","targetHints":{"allow":["GET"]}}],"collection":[{"href":"https:\/\/www.fcwingchun.sk\/index.php?rest_route=\/wp\/v2\/pages"}],"about":[{"href":"https:\/\/www.fcwingchun.sk\/index.php?rest_route=\/wp\/v2\/types\/page"}],"author":[{"embeddable":true,"href":"https:\/\/www.fcwingchun.sk\/index.php?rest_route=\/wp\/v2\/users\/1"}],"replies":[{"embeddable":true,"href":"https:\/\/www.fcwingchun.sk\/index.php?rest_route=%2Fwp%2Fv2%2Fcomments&post=553"}],"version-history":[{"count":26,"href":"https:\/\/www.fcwingchun.sk\/index.php?rest_route=\/wp\/v2\/pages\/553\/revisions"}],"predecessor-version":[{"id":1258,"href":"https:\/\/www.fcwingchun.sk\/index.php?rest_route=\/wp\/v2\/pages\/553\/revisions\/1258"}],"wp:attachment":[{"href":"https:\/\/www.fcwingchun.sk\/index.php?rest_route=%2Fwp%2Fv2%2Fmedia&parent=553"}],"curies":[{"name":"wp","href":"https:\/\/api.w.org\/{rel}","templated":true}]}}